{"id":3689,"date":"2026-04-05T12:21:25","date_gmt":"2026-04-05T10:21:25","guid":{"rendered":"https:\/\/criquetaero.com\/?page_id=3689"},"modified":"2026-04-05T18:32:29","modified_gmt":"2026-04-05T16:32:29","slug":"a-savoir","status":"publish","type":"page","link":"https:\/\/criquetaero.com\/?page_id=3689","title":{"rendered":"A SAVOIR&#8230;"},"content":{"rendered":"\t\t<div data-elementor-type=\"wp-page\" data-elementor-id=\"3689\" class=\"elementor elementor-3689\" data-elementor-post-type=\"page\">\n\t\t\t\t<div class=\"elementor-element elementor-element-690b6bd e-flex e-con-boxed e-con e-parent\" data-id=\"690b6bd\" data-element_type=\"container\" data-e-type=\"container\">\n\t\t\t\t\t<div class=\"e-con-inner\">\n\t\t\t\t<div class=\"elementor-element elementor-element-cd050ee elementor-widget elementor-widget-text-editor\" data-id=\"cd050ee\" data-element_type=\"widget\" data-e-type=\"widget\" data-widget_type=\"text-editor.default\">\n\t\t\t\t<div class=\"elementor-widget-container\">\n\t\t\t\t\t\t\t\t\t<p>Cette rubrique ne pr\u00e9tend pas vous donner la recette ultime \u00e0 mettre en \u0153uvre pour r\u00e9soudre telle ou telle difficult\u00e9 de conception ou d\u2019assemblage de votre mod\u00e8le .<\/p><p>Les conseils r\u00e9pertori\u00e9s ici ne pr\u00e9sentent qu\u2019un seul interet : ils marchent &#8230;Et je le prouve au travers de mes r\u00e9alisations.<\/p>\t\t\t\t\t\t\t\t<\/div>\n\t\t\t\t<\/div>\n\t\t\t\t\t<\/div>\n\t\t\t\t<\/div>\n\t\t<div class=\"elementor-element elementor-element-d290c7c e-flex e-con-boxed e-con e-parent\" data-id=\"d290c7c\" data-element_type=\"container\" data-e-type=\"container\">\n\t\t\t\t\t<div class=\"e-con-inner\">\n\t\t<div class=\"elementor-element elementor-element-1ac2559 e-con-full e-flex e-con e-child\" data-id=\"1ac2559\" data-element_type=\"container\" data-e-type=\"container\">\n\t\t\t\t<div class=\"elementor-element elementor-element-76c2263 elementor-widget__width-initial elementor-widget elementor-widget-image\" data-id=\"76c2263\" data-element_type=\"widget\" data-e-type=\"widget\" data-widget_type=\"image.default\">\n\t\t\t\t<div class=\"elementor-widget-container\">\n\t\t\t\t\t\t\t\t\t\t\t\t\t\t\t<img fetchpriority=\"high\" decoding=\"async\" width=\"649\" height=\"433\" src=\"https:\/\/criquetaero.com\/wp-content\/uploads\/2026\/04\/HELICES-L.jpg\" class=\"attachment-large size-large wp-image-3743\" alt=\"\" srcset=\"https:\/\/criquetaero.com\/wp-content\/uploads\/2026\/04\/HELICES-L.jpg 649w, https:\/\/criquetaero.com\/wp-content\/uploads\/2026\/04\/HELICES-L-300x200.jpg 300w\" sizes=\"(max-width: 649px) 100vw, 649px\" \/>\t\t\t\t\t\t\t\t\t\t\t\t\t\t\t<\/div>\n\t\t\t\t<\/div>\n\t\t\t\t<\/div>\n\t\t<div class=\"elementor-element elementor-element-2b62b79 e-con-full e-flex e-con e-child\" data-id=\"2b62b79\" data-element_type=\"container\" data-e-type=\"container\">\n\t\t<div class=\"elementor-element elementor-element-db4a9c4 e-con-full e-flex e-con e-child\" data-id=\"db4a9c4\" data-element_type=\"container\" data-e-type=\"container\">\n\t\t\t\t<div class=\"elementor-element elementor-element-a4557d4 elementor-widget elementor-widget-heading\" data-id=\"a4557d4\" data-element_type=\"widget\" data-e-type=\"widget\" data-widget_type=\"heading.default\">\n\t\t\t\t<div class=\"elementor-widget-container\">\n\t\t\t\t\t<h2 class=\"elementor-heading-title elementor-size-default\">DELICE  D'HELICE<\/h2>\t\t\t\t<\/div>\n\t\t\t\t<\/div>\n\t\t\t\t<div class=\"elementor-element elementor-element-e9f7dd5 elementor-widget elementor-widget-text-editor\" data-id=\"e9f7dd5\" data-element_type=\"widget\" data-e-type=\"widget\" data-widget_type=\"text-editor.default\">\n\t\t\t\t<div class=\"elementor-widget-container\">\n\t\t\t\t\t\t\t\t\t<p>\u00a0<\/p><p align=\"left\"><span style=\"color: #000000;\"><span style=\"font-family: Arial, sans-serif;\">Quelle h\u00e9lice pour quel moteur et pour quelle configuration d\u2019avion\u00a0?<\/span><\/span><\/p><p><span style=\"font-family: Arial, sans-serif;\">J&rsquo;ai \u00e9t\u00e9 confront\u00e9 \u00e0 ce probl\u00e8me lorsque j&rsquo;ai <\/span><span style=\"font-family: Arial, sans-serif;\">voulu dessiner des avions fran\u00e7ais d\u2019une p\u00e9riode allant des origines aux <\/span><span style=\"font-family: Arial, sans-serif;\">ann\u00e9es 30 environ.<br \/><\/span><span style=\"font-family: Arial, sans-serif;\">En fait, il y eu trois types d&rsquo;h\u00e9lices: Chauvi\u00e8re, R\u00e9gy et Eclair dans tout une gamme de diam\u00e8tres et de pas en fonction de la motorisation et de l&rsquo;usage pr\u00e9vu.<br \/><\/span><span style=\"font-family: Arial, sans-serif;\">Chaque h\u00e9licier avait sa propre forme d&rsquo;h\u00e9lice. Mais qu&rsquo;en \u00e9tait t&rsquo;il des autres caract\u00e9ristiques, le diam\u00e8tre en particulier\u00a0?<\/span><\/p>\t\t\t\t\t\t\t\t<\/div>\n\t\t\t\t<\/div>\n\t\t\t\t<\/div>\n\t\t\t\t<div class=\"elementor-element elementor-element-ea785c4 elementor-align-center elementor-widget elementor-widget-button\" data-id=\"ea785c4\" data-element_type=\"widget\" data-e-type=\"widget\" data-widget_type=\"button.default\">\n\t\t\t\t<div class=\"elementor-widget-container\">\n\t\t\t\t\t\t\t\t\t<div class=\"elementor-button-wrapper\">\n\t\t\t\t\t<a class=\"elementor-button elementor-button-link elementor-size-sm\" href=\"https:\/\/criquetaero.com\/wp-content\/uploads\/2026\/04\/DELICE-D-HELICE-1.pdf\">\n\t\t\t\t\t\t<span class=\"elementor-button-content-wrapper\">\n\t\t\t\t\t\t\t\t\t<span class=\"elementor-button-text\">   LIRE LA SUITE...<\/span>\n\t\t\t\t\t<\/span>\n\t\t\t\t\t<\/a>\n\t\t\t\t<\/div>\n\t\t\t\t\t\t\t\t<\/div>\n\t\t\t\t<\/div>\n\t\t\t\t<\/div>\n\t\t\t\t\t<\/div>\n\t\t\t\t<\/div>\n\t\t<div class=\"elementor-element elementor-element-eace53b e-flex e-con-boxed e-con e-parent\" data-id=\"eace53b\" data-element_type=\"container\" data-e-type=\"container\">\n\t\t\t\t\t<div class=\"e-con-inner\">\n\t\t<div class=\"elementor-element elementor-element-a6922a8 e-con-full e-flex e-con e-child\" data-id=\"a6922a8\" data-element_type=\"container\" data-e-type=\"container\">\n\t\t\t\t<div class=\"elementor-element elementor-element-1e6b081 elementor-widget__width-initial elementor-widget elementor-widget-image\" data-id=\"1e6b081\" data-element_type=\"widget\" data-e-type=\"widget\" data-widget_type=\"image.default\">\n\t\t\t\t<div class=\"elementor-widget-container\">\n\t\t\t\t\t\t\t\t\t\t\t\t\t\t\t<img decoding=\"async\" width=\"500\" height=\"375\" src=\"https:\/\/criquetaero.com\/wp-content\/uploads\/2026\/04\/PHOTO.jpg\" class=\"attachment-large size-large wp-image-3694\" alt=\"\" srcset=\"https:\/\/criquetaero.com\/wp-content\/uploads\/2026\/04\/PHOTO.jpg 500w, https:\/\/criquetaero.com\/wp-content\/uploads\/2026\/04\/PHOTO-300x225.jpg 300w\" sizes=\"(max-width: 500px) 100vw, 500px\" \/>\t\t\t\t\t\t\t\t\t\t\t\t\t\t\t<\/div>\n\t\t\t\t<\/div>\n\t\t\t\t<\/div>\n\t\t<div class=\"elementor-element elementor-element-23c682b e-con-full e-flex e-con e-child\" data-id=\"23c682b\" data-element_type=\"container\" data-e-type=\"container\">\n\t\t<div class=\"elementor-element elementor-element-e2c08ed e-con-full e-flex e-con e-child\" data-id=\"e2c08ed\" data-element_type=\"container\" data-e-type=\"container\">\n\t\t\t\t<div class=\"elementor-element elementor-element-1bba9e1 elementor-widget elementor-widget-heading\" data-id=\"1bba9e1\" data-element_type=\"widget\" data-e-type=\"widget\" data-widget_type=\"heading.default\">\n\t\t\t\t<div class=\"elementor-widget-container\">\n\t\t\t\t\t<h2 class=\"elementor-heading-title elementor-size-default\">A LA RECHERCHE DU FIL D'ACIER LE PLUS FIN POSSIBLE<\/h2>\t\t\t\t<\/div>\n\t\t\t\t<\/div>\n\t\t\t\t<div class=\"elementor-element elementor-element-79641a4 elementor-widget elementor-widget-text-editor\" data-id=\"79641a4\" data-element_type=\"widget\" data-e-type=\"widget\" data-widget_type=\"text-editor.default\">\n\t\t\t\t<div class=\"elementor-widget-container\">\n\t\t\t\t\t\t\t\t\t<p><span style=\"font-family: Liberation Serif, serif;\"><span style=\"font-size: medium;\">A la difficult\u00e9 de pr\u00e9senter des cablages parfaitement rectilignes s\u2019ajoute la sensibilit\u00e9 du papier \u00e0 l\u2019hygrom\u00e9trie.<br \/><br \/>La m\u00e9thode la plus \u00e9l\u00e9gante (cela n\u2019engage que moi), est d\u2019utiliser du fil d\u2019acier ou carde \u00e0 piano (c.a.p.). Malheureusement le diam\u00e8tre le plus fin est de 3\u00a0\/10. Si ce diam\u00e8tre peut, \u00e0 la limite, convenir pour les mod\u00e8les au 1:33, le probl\u00e8me se pose pour les \u00e9chelles inf\u00e9rieures. <br \/>Sous certaines conditions de mise en oeuvre, une solution existe: le fil d\u2019acier de 1\/10mm.<\/span><\/span><\/p>\t\t\t\t\t\t\t\t<\/div>\n\t\t\t\t<\/div>\n\t\t\t\t<\/div>\n\t\t\t\t<div class=\"elementor-element elementor-element-8e21484 elementor-align-center elementor-widget elementor-widget-button\" data-id=\"8e21484\" data-element_type=\"widget\" data-e-type=\"widget\" data-widget_type=\"button.default\">\n\t\t\t\t<div class=\"elementor-widget-container\">\n\t\t\t\t\t\t\t\t\t<div class=\"elementor-button-wrapper\">\n\t\t\t\t\t<a class=\"elementor-button elementor-button-link elementor-size-sm\" href=\"https:\/\/criquetaero.com\/wp-content\/uploads\/2026\/04\/TIGE-ACIER.pdf\">\n\t\t\t\t\t\t<span class=\"elementor-button-content-wrapper\">\n\t\t\t\t\t\t\t\t\t<span class=\"elementor-button-text\">   LIRE LA SUITE...<\/span>\n\t\t\t\t\t<\/span>\n\t\t\t\t\t<\/a>\n\t\t\t\t<\/div>\n\t\t\t\t\t\t\t\t<\/div>\n\t\t\t\t<\/div>\n\t\t\t\t<\/div>\n\t\t\t\t\t<\/div>\n\t\t\t\t<\/div>\n\t\t\t\t<\/div>\n\t\t","protected":false},"excerpt":{"rendered":"<p>Cette rubrique ne pr\u00e9tend pas vous donner la recette ultime \u00e0 mettre en \u0153uvre pour r\u00e9soudre telle ou telle difficult\u00e9 de conception ou d\u2019assemblage de votre mod\u00e8le . Les conseils r\u00e9pertori\u00e9s ici ne pr\u00e9sentent qu\u2019un seul interet : ils marchent &#8230;Et je le prouve au travers de mes r\u00e9alisations. DELICE D&rsquo;HELICE \u00a0 Quelle h\u00e9lice pour [&hellip;]<\/p>\n","protected":false},"author":1,"featured_media":0,"parent":0,"menu_order":0,"comment_status":"closed","ping_status":"closed","template":"","meta":{"footnotes":""},"class_list":["post-3689","page","type-page","status-publish","hentry","entry"],"_links":{"self":[{"href":"https:\/\/criquetaero.com\/index.php?rest_route=\/wp\/v2\/pages\/3689","targetHints":{"allow":["GET"]}}],"collection":[{"href":"https:\/\/criquetaero.com\/index.php?rest_route=\/wp\/v2\/pages"}],"about":[{"href":"https:\/\/criquetaero.com\/index.php?rest_route=\/wp\/v2\/types\/page"}],"author":[{"embeddable":true,"href":"https:\/\/criquetaero.com\/index.php?rest_route=\/wp\/v2\/users\/1"}],"replies":[{"embeddable":true,"href":"https:\/\/criquetaero.com\/index.php?rest_route=%2Fwp%2Fv2%2Fcomments&post=3689"}],"version-history":[{"count":46,"href":"https:\/\/criquetaero.com\/index.php?rest_route=\/wp\/v2\/pages\/3689\/revisions"}],"predecessor-version":[{"id":3760,"href":"https:\/\/criquetaero.com\/index.php?rest_route=\/wp\/v2\/pages\/3689\/revisions\/3760"}],"wp:attachment":[{"href":"https:\/\/criquetaero.com\/index.php?rest_route=%2Fwp%2Fv2%2Fmedia&parent=3689"}],"curies":[{"name":"wp","href":"https:\/\/api.w.org\/{rel}","templated":true}]}}