{"id":3613,"date":"2026-04-05T18:39:36","date_gmt":"2026-04-05T16:39:36","guid":{"rendered":"https:\/\/criquetaero.com\/?page_id=3613"},"modified":"2026-04-05T19:25:20","modified_gmt":"2026-04-05T17:25:20","slug":"billets","status":"publish","type":"page","link":"https:\/\/criquetaero.com\/?page_id=3613","title":{"rendered":"BILLETS"},"content":{"rendered":"\t\t<div data-elementor-type=\"wp-page\" data-elementor-id=\"3613\" class=\"elementor elementor-3613\" data-elementor-post-type=\"page\">\n\t\t\t\t<div class=\"elementor-element elementor-element-9d197cd e-flex e-con-boxed e-con e-parent\" data-id=\"9d197cd\" data-element_type=\"container\" data-e-type=\"container\">\n\t\t\t\t\t<div class=\"e-con-inner\">\n\t\t<div class=\"elementor-element elementor-element-c4bb7fb e-con-full e-flex e-con e-child\" data-id=\"c4bb7fb\" data-element_type=\"container\" data-e-type=\"container\">\n\t\t\t\t<div class=\"elementor-element elementor-element-c54ca0a elementor-widget__width-initial elementor-widget elementor-widget-image\" data-id=\"c54ca0a\" data-element_type=\"widget\" data-e-type=\"widget\" data-widget_type=\"image.default\">\n\t\t\t\t<div class=\"elementor-widget-container\">\n\t\t\t\t\t\t\t\t\t\t\t\t\t\t\t<img fetchpriority=\"high\" decoding=\"async\" width=\"500\" height=\"375\" src=\"https:\/\/criquetaero.com\/wp-content\/uploads\/2026\/04\/HY.jpg\" class=\"attachment-large size-large wp-image-3707\" alt=\"\" srcset=\"https:\/\/criquetaero.com\/wp-content\/uploads\/2026\/04\/HY.jpg 500w, https:\/\/criquetaero.com\/wp-content\/uploads\/2026\/04\/HY-300x225.jpg 300w\" sizes=\"(max-width: 500px) 100vw, 500px\" \/>\t\t\t\t\t\t\t\t\t\t\t\t\t\t\t<\/div>\n\t\t\t\t<\/div>\n\t\t\t\t<\/div>\n\t\t<div class=\"elementor-element elementor-element-af45e92 e-con-full e-flex e-con e-child\" data-id=\"af45e92\" data-element_type=\"container\" data-e-type=\"container\">\n\t\t<div class=\"elementor-element elementor-element-1881b9e e-con-full e-flex e-con e-child\" data-id=\"1881b9e\" data-element_type=\"container\" data-e-type=\"container\">\n\t\t\t\t<div class=\"elementor-element elementor-element-06a568b elementor-widget elementor-widget-heading\" data-id=\"06a568b\" data-element_type=\"widget\" data-e-type=\"widget\" data-widget_type=\"heading.default\">\n\t\t\t\t<div class=\"elementor-widget-container\">\n\t\t\t\t\t<h2 class=\"elementor-heading-title elementor-size-default\">PASSION QUAND TU NOUS TIENS...<\/h2>\t\t\t\t<\/div>\n\t\t\t\t<\/div>\n\t\t\t\t<div class=\"elementor-element elementor-element-0ba02e4 elementor-widget elementor-widget-text-editor\" data-id=\"0ba02e4\" data-element_type=\"widget\" data-e-type=\"widget\" data-widget_type=\"text-editor.default\">\n\t\t\t\t<div class=\"elementor-widget-container\">\n\t\t\t\t\t\t\t\t\t<p style=\"text-align: center;\">Le virus du maquettisme papier m\u2019a pris, il y une vingtaine d\u2019ann\u00e9es, lorsque j\u2019ai d\u00e9couvert par le plus grand des hasards, le site<strong>\u00a0<br \/>pierreg.free.fr<\/strong><\/p><p>La planche du Citro\u00ebn type H y \u00e9tait propos\u00e9e en t\u00e9l\u00e9chargement gratuit. Ce mod\u00e8le me rappelait des souvenirs (je suis un soixante huitard&#8230;pacifiste) et ce type de v\u00e9hicule \u00e9tait particuli\u00e8rement mis en vedette \u00e0 cette p\u00e9riode\u00a0!<br \/>Depuis, la passion de la maquette papier ne m\u2019a jamais quitt\u00e9e. Elle me permet d\u2019\u00ab\u00a0illustrer\u00a0\u00ab et de partager, en maquettes, quelques belles pages (souvent peu connues) de notre histoire a\u00e9ronautique fran\u00e7aise.<\/p><p>Passion, quand tu nous tiens..<\/p>\t\t\t\t\t\t\t\t<\/div>\n\t\t\t\t<\/div>\n\t\t\t\t<\/div>\n\t\t\t\t<\/div>\n\t\t\t\t\t<\/div>\n\t\t\t\t<\/div>\n\t\t<div class=\"elementor-element elementor-element-9391c09 e-flex e-con-boxed e-con e-parent\" data-id=\"9391c09\" data-element_type=\"container\" data-e-type=\"container\">\n\t\t\t\t\t<div class=\"e-con-inner\">\n\t\t<div class=\"elementor-element elementor-element-702eba4 e-con-full e-flex e-con e-child\" data-id=\"702eba4\" data-element_type=\"container\" data-e-type=\"container\">\n\t\t\t\t<div class=\"elementor-element elementor-element-abc2649 elementor-widget__width-initial elementor-widget elementor-widget-image\" data-id=\"abc2649\" data-element_type=\"widget\" data-e-type=\"widget\" data-widget_type=\"image.default\">\n\t\t\t\t<div class=\"elementor-widget-container\">\n\t\t\t\t\t\t\t\t\t\t\t\t\t\t\t<img decoding=\"async\" width=\"628\" height=\"344\" src=\"https:\/\/criquetaero.com\/wp-content\/uploads\/2026\/04\/ip2uwqF9o2ibyYDHH8RhKHMU9_c.jpg\" class=\"attachment-large size-large wp-image-3773\" alt=\"\" srcset=\"https:\/\/criquetaero.com\/wp-content\/uploads\/2026\/04\/ip2uwqF9o2ibyYDHH8RhKHMU9_c.jpg 628w, https:\/\/criquetaero.com\/wp-content\/uploads\/2026\/04\/ip2uwqF9o2ibyYDHH8RhKHMU9_c-300x164.jpg 300w\" sizes=\"(max-width: 628px) 100vw, 628px\" \/>\t\t\t\t\t\t\t\t\t\t\t\t\t\t\t<\/div>\n\t\t\t\t<\/div>\n\t\t\t\t<\/div>\n\t\t<div class=\"elementor-element elementor-element-5f695fd e-con-full e-flex e-con e-child\" data-id=\"5f695fd\" data-element_type=\"container\" data-e-type=\"container\">\n\t\t<div class=\"elementor-element elementor-element-2308aa2 e-con-full e-flex e-con e-child\" data-id=\"2308aa2\" data-element_type=\"container\" data-e-type=\"container\">\n\t\t\t\t<div class=\"elementor-element elementor-element-d15c447 elementor-widget elementor-widget-heading\" data-id=\"d15c447\" data-element_type=\"widget\" data-e-type=\"widget\" data-widget_type=\"heading.default\">\n\t\t\t\t<div class=\"elementor-widget-container\">\n\t\t\t\t\t<h2 class=\"elementor-heading-title elementor-size-default\">UN DESSIN VAUT MIEUX QU'UN LONG DISCOURS.<\/h2>\t\t\t\t<\/div>\n\t\t\t\t<\/div>\n\t\t\t\t<div class=\"elementor-element elementor-element-9a64e28 elementor-widget elementor-widget-text-editor\" data-id=\"9a64e28\" data-element_type=\"widget\" data-e-type=\"widget\" data-widget_type=\"text-editor.default\">\n\t\t\t\t<div class=\"elementor-widget-container\">\n\t\t\t\t\t\t\t\t\t<p>Fut un temps o\u00f9 les croquis \u00e0 main lev\u00e9e \u00e9taient une pratique courante dans les bureaux d\u2019\u00e9tude.<br \/>J. GAUDEFROY \u00e9tait un v\u00e9ritable artiste en la mati\u00e8re.<br \/>Nombre de ses illustrations figurent dans les revues a\u00e9ronautiques de l\u2019\u00e9poque comme l\u2019AERONAUTIQUE.<\/p>\t\t\t\t\t\t\t\t<\/div>\n\t\t\t\t<\/div>\n\t\t\t\t<\/div>\n\t\t\t\t<div class=\"elementor-element elementor-element-8d9380d elementor-align-center elementor-widget elementor-widget-button\" data-id=\"8d9380d\" data-element_type=\"widget\" data-e-type=\"widget\" data-widget_type=\"button.default\">\n\t\t\t\t<div class=\"elementor-widget-container\">\n\t\t\t\t\t\t\t\t\t<div class=\"elementor-button-wrapper\">\n\t\t\t\t\t<a class=\"elementor-button elementor-button-link elementor-size-sm\" href=\"https:\/\/criquetaero.com\/wp-content\/uploads\/2026\/04\/UN-DESSIN.pdf\">\n\t\t\t\t\t\t<span class=\"elementor-button-content-wrapper\">\n\t\t\t\t\t\t\t\t\t<span class=\"elementor-button-text\">   LIRE LA SUITE...<\/span>\n\t\t\t\t\t<\/span>\n\t\t\t\t\t<\/a>\n\t\t\t\t<\/div>\n\t\t\t\t\t\t\t\t<\/div>\n\t\t\t\t<\/div>\n\t\t\t\t<\/div>\n\t\t\t\t\t<\/div>\n\t\t\t\t<\/div>\n\t\t\t\t<\/div>\n\t\t","protected":false},"excerpt":{"rendered":"<p>PASSION QUAND TU NOUS TIENS&#8230; Le virus du maquettisme papier m\u2019a pris, il y une vingtaine d\u2019ann\u00e9es, lorsque j\u2019ai d\u00e9couvert par le plus grand des hasards, le site\u00a0pierreg.free.fr La planche du Citro\u00ebn type H y \u00e9tait propos\u00e9e en t\u00e9l\u00e9chargement gratuit. Ce mod\u00e8le me rappelait des souvenirs (je suis un soixante huitard&#8230;pacifiste) et ce type de [&hellip;]<\/p>\n","protected":false},"author":1,"featured_media":0,"parent":0,"menu_order":0,"comment_status":"closed","ping_status":"closed","template":"","meta":{"footnotes":""},"class_list":["post-3613","page","type-page","status-publish","hentry","entry"],"_links":{"self":[{"href":"https:\/\/criquetaero.com\/index.php?rest_route=\/wp\/v2\/pages\/3613","targetHints":{"allow":["GET"]}}],"collection":[{"href":"https:\/\/criquetaero.com\/index.php?rest_route=\/wp\/v2\/pages"}],"about":[{"href":"https:\/\/criquetaero.com\/index.php?rest_route=\/wp\/v2\/types\/page"}],"author":[{"embeddable":true,"href":"https:\/\/criquetaero.com\/index.php?rest_route=\/wp\/v2\/users\/1"}],"replies":[{"embeddable":true,"href":"https:\/\/criquetaero.com\/index.php?rest_route=%2Fwp%2Fv2%2Fcomments&post=3613"}],"version-history":[{"count":26,"href":"https:\/\/criquetaero.com\/index.php?rest_route=\/wp\/v2\/pages\/3613\/revisions"}],"predecessor-version":[{"id":3781,"href":"https:\/\/criquetaero.com\/index.php?rest_route=\/wp\/v2\/pages\/3613\/revisions\/3781"}],"wp:attachment":[{"href":"https:\/\/criquetaero.com\/index.php?rest_route=%2Fwp%2Fv2%2Fmedia&parent=3613"}],"curies":[{"name":"wp","href":"https:\/\/api.w.org\/{rel}","templated":true}]}}