{"id":2993,"date":"2026-03-07T17:38:46","date_gmt":"2026-03-07T16:38:46","guid":{"rendered":"https:\/\/criquetaero.com\/?page_id=2993"},"modified":"2026-03-24T19:09:50","modified_gmt":"2026-03-24T18:09:50","slug":"liens","status":"publish","type":"page","link":"https:\/\/criquetaero.com\/?page_id=2993","title":{"rendered":"LIENS"},"content":{"rendered":"\t\t<div data-elementor-type=\"wp-page\" data-elementor-id=\"2993\" class=\"elementor elementor-2993\" data-elementor-post-type=\"page\">\n\t\t\t\t<div class=\"elementor-element elementor-element-f73c9e1 e-flex e-con-boxed e-con e-parent\" data-id=\"f73c9e1\" data-element_type=\"container\" data-e-type=\"container\" data-settings=\"{&quot;background_background&quot;:&quot;classic&quot;}\">\n\t\t\t\t\t<div class=\"e-con-inner\">\n\t\t<div class=\"elementor-element elementor-element-1e6df5d e-con-full e-flex e-con e-child\" data-id=\"1e6df5d\" data-element_type=\"container\" data-e-type=\"container\" data-settings=\"{&quot;background_background&quot;:&quot;classic&quot;}\">\n\t\t\t\t<div class=\"elementor-element elementor-element-1a93878 elementor-widget elementor-widget-heading\" data-id=\"1a93878\" data-element_type=\"widget\" data-e-type=\"widget\" data-widget_type=\"heading.default\">\n\t\t\t\t<div class=\"elementor-widget-container\">\n\t\t\t\t\t<h2 class=\"elementor-heading-title elementor-size-default\">  LA MAQUETTE COMME ILLUSTRATION D'UNE BELLE HISTOIRE<\/h2>\t\t\t\t<\/div>\n\t\t\t\t<\/div>\n\t\t\t\t<\/div>\n\t\t<div class=\"elementor-element elementor-element-60cc9e3 e-con-full e-flex e-con e-child\" data-id=\"60cc9e3\" data-element_type=\"container\" data-e-type=\"container\">\n\t\t\t\t<\/div>\n\t\t\t\t\t<\/div>\n\t\t\t\t<\/div>\n\t\t<div class=\"elementor-element elementor-element-e2bd0bc e-flex e-con-boxed e-con e-parent\" data-id=\"e2bd0bc\" data-element_type=\"container\" data-e-type=\"container\">\n\t\t\t\t\t<div class=\"e-con-inner\">\n\t\t\t\t<div class=\"elementor-element elementor-element-6643c1f elementor-widget elementor-widget-heading\" data-id=\"6643c1f\" data-element_type=\"widget\" data-e-type=\"widget\" data-widget_type=\"heading.default\">\n\t\t\t\t<div class=\"elementor-widget-container\">\n\t\t\t\t\t<h2 class=\"elementor-heading-title elementor-size-default\">DES MAQUETTISTES PAPIER...<\/h2>\t\t\t\t<\/div>\n\t\t\t\t<\/div>\n\t\t\t\t\t<\/div>\n\t\t\t\t<\/div>\n\t\t<div class=\"elementor-element elementor-element-d47ce7e e-flex e-con-boxed e-con e-parent\" data-id=\"d47ce7e\" data-element_type=\"container\" data-e-type=\"container\">\n\t\t\t\t\t<div class=\"e-con-inner\">\n\t\t<div class=\"elementor-element elementor-element-843b6f0 e-con-full e-flex e-con e-child\" data-id=\"843b6f0\" data-element_type=\"container\" data-e-type=\"container\">\n\t\t\t\t<div class=\"elementor-element elementor-element-c427857 elementor-widget elementor-widget-image\" data-id=\"c427857\" data-element_type=\"widget\" data-e-type=\"widget\" data-widget_type=\"image.default\">\n\t\t\t\t<div class=\"elementor-widget-container\">\n\t\t\t\t\t\t\t\t\t\t\t\t\t\t\t<img fetchpriority=\"high\" decoding=\"async\" width=\"495\" height=\"138\" src=\"https:\/\/criquetaero.com\/wp-content\/uploads\/2026\/03\/logo-pierreg.jpg\" class=\"attachment-large size-large wp-image-2998\" alt=\"\" srcset=\"https:\/\/criquetaero.com\/wp-content\/uploads\/2026\/03\/logo-pierreg.jpg 495w, https:\/\/criquetaero.com\/wp-content\/uploads\/2026\/03\/logo-pierreg-300x84.jpg 300w\" sizes=\"(max-width: 495px) 100vw, 495px\" \/>\t\t\t\t\t\t\t\t\t\t\t\t\t\t\t<\/div>\n\t\t\t\t<\/div>\n\t\t\t\t<div class=\"elementor-element elementor-element-b6c75d4 elementor-align-center elementor-widget elementor-widget-button\" data-id=\"b6c75d4\" data-element_type=\"widget\" data-e-type=\"widget\" data-widget_type=\"button.default\">\n\t\t\t\t<div class=\"elementor-widget-container\">\n\t\t\t\t\t\t\t\t\t<div class=\"elementor-button-wrapper\">\n\t\t\t\t\t<a class=\"elementor-button elementor-button-link elementor-size-sm\" href=\"\">\n\t\t\t\t\t\t<span class=\"elementor-button-content-wrapper\">\n\t\t\t\t\t\t\t\t\t<span class=\"elementor-button-text\">https:\/\/carton.pierreg.org\/<\/span>\n\t\t\t\t\t<\/span>\n\t\t\t\t\t<\/a>\n\t\t\t\t<\/div>\n\t\t\t\t\t\t\t\t<\/div>\n\t\t\t\t<\/div>\n\t\t\t\t<\/div>\n\t\t<div class=\"elementor-element elementor-element-b4dfd94 e-con-full e-flex e-con e-child\" data-id=\"b4dfd94\" data-element_type=\"container\" data-e-type=\"container\">\n\t\t\t\t<div class=\"elementor-element elementor-element-c32cd3f elementor-widget elementor-widget-text-editor\" data-id=\"c32cd3f\" data-element_type=\"widget\" data-e-type=\"widget\" data-widget_type=\"text-editor.default\">\n\t\t\t\t<div class=\"elementor-widget-container\">\n\t\t\t\t\t\t\t\t\t<p>Le site de mon Maitre et Pygmalion : Pierre Gauriat<br \/>Un adepte du logiciel Metasequoia qui, d\u00e8s sa version gratuite, et associ\u00e9 au logiciel Pepakura (la version gratuite peut suffire) est parfaitement adapt\u00e9 \u00e0 la conception de maquettes en papier\u2026ou de v\u00e9hicules pour les jeux de simulation (<a href=\"https:\/\/ajrailsim.pierreg.org\/modeles.htm\">https:\/\/ajrailsim.pierreg.org\/modeles.htm<\/a>) . <br \/>Passionn\u00e9 par l\u2019histoire de la maquette papier, un certain nombre d\u2019\u00e9diteurs de planches fran\u00e7aises, tant actuels qu\u2019anciens, y font l\u2019objet d\u2019une pr\u00e9sentation bien document\u00e9e. Pierre Gauriat fait partie des chroniqueurs de PMP Le Mag. Occasion pour lui de partager plus largement l\u2019histoire de ces \u00e9diteurs Fran\u00e7ais dont les maquettes papier ont marqu\u00e9 toute une \u00e9poque.<br \/>Des maquettes, de difficult\u00e9s variables, sont t\u00e9l\u00e9chargeables gratuitement sur son site.<\/p>\t\t\t\t\t\t\t\t<\/div>\n\t\t\t\t<\/div>\n\t\t\t\t<\/div>\n\t\t\t\t\t<\/div>\n\t\t\t\t<\/div>\n\t\t<div class=\"elementor-element elementor-element-6d7588c e-flex e-con-boxed e-con e-parent\" data-id=\"6d7588c\" data-element_type=\"container\" data-e-type=\"container\">\n\t\t\t\t\t<div class=\"e-con-inner\">\n\t\t<div class=\"elementor-element elementor-element-d8e8826 e-con-full e-flex e-con e-child\" data-id=\"d8e8826\" data-element_type=\"container\" data-e-type=\"container\">\n\t\t\t\t<div class=\"elementor-element elementor-element-c840338 elementor-widget elementor-widget-image\" data-id=\"c840338\" data-element_type=\"widget\" data-e-type=\"widget\" data-widget_type=\"image.default\">\n\t\t\t\t<div class=\"elementor-widget-container\">\n\t\t\t\t\t\t\t\t\t\t\t\t\t\t\t<img decoding=\"async\" width=\"470\" height=\"62\" src=\"https:\/\/criquetaero.com\/wp-content\/uploads\/2026\/03\/PASCAL.jpg\" class=\"attachment-large size-large wp-image-3017\" alt=\"\" srcset=\"https:\/\/criquetaero.com\/wp-content\/uploads\/2026\/03\/PASCAL.jpg 470w, https:\/\/criquetaero.com\/wp-content\/uploads\/2026\/03\/PASCAL-300x40.jpg 300w\" sizes=\"(max-width: 470px) 100vw, 470px\" \/>\t\t\t\t\t\t\t\t\t\t\t\t\t\t\t<\/div>\n\t\t\t\t<\/div>\n\t\t\t\t<div class=\"elementor-element elementor-element-1e126b8 elementor-align-center elementor-widget elementor-widget-button\" data-id=\"1e126b8\" data-element_type=\"widget\" data-e-type=\"widget\" data-widget_type=\"button.default\">\n\t\t\t\t<div class=\"elementor-widget-container\">\n\t\t\t\t\t\t\t\t\t<div class=\"elementor-button-wrapper\">\n\t\t\t\t\t<a class=\"elementor-button elementor-button-link elementor-size-sm\" href=\"\">\n\t\t\t\t\t\t<span class=\"elementor-button-content-wrapper\">\n\t\t\t\t\t\t\t\t\t<span class=\"elementor-button-text\">https:\/\/www.maquettes-en-papier.fr\/<\/span>\n\t\t\t\t\t<\/span>\n\t\t\t\t\t<\/a>\n\t\t\t\t<\/div>\n\t\t\t\t\t\t\t\t<\/div>\n\t\t\t\t<\/div>\n\t\t\t\t<\/div>\n\t\t<div class=\"elementor-element elementor-element-1756265 e-con-full e-flex e-con e-child\" data-id=\"1756265\" data-element_type=\"container\" data-e-type=\"container\">\n\t\t\t\t<div class=\"elementor-element elementor-element-b645ce1 elementor-widget elementor-widget-text-editor\" data-id=\"b645ce1\" data-element_type=\"widget\" data-e-type=\"widget\" data-widget_type=\"text-editor.default\">\n\t\t\t\t<div class=\"elementor-widget-container\">\n\t\t\t\t\t\t\t\t\t<p>Pascal Lesage (Paskal sur les forums) est un maquettiste papier talentueux et perfectionniste. Son enthousiasme est communicatif, tant lors des expositions, qu\u2019au travers de ses articles dans PMP Le Mag dont il illustre la couverture, mais aussi en assure la mise en page et la diffusion.<\/p><p>Ses dioramas t\u00e9moignent d\u2019un grand sens artistique mettant particuli\u00e8rement en valeur ses r\u00e9alisations. Du grand art\u00a0!<\/p>\t\t\t\t\t\t\t\t<\/div>\n\t\t\t\t<\/div>\n\t\t\t\t<\/div>\n\t\t\t\t\t<\/div>\n\t\t\t\t<\/div>\n\t\t<div class=\"elementor-element elementor-element-8263ecd e-flex e-con-boxed e-con e-parent\" data-id=\"8263ecd\" data-element_type=\"container\" data-e-type=\"container\">\n\t\t\t\t\t<div class=\"e-con-inner\">\n\t\t\t\t<div class=\"elementor-element elementor-element-33f165f elementor-widget elementor-widget-heading\" data-id=\"33f165f\" data-element_type=\"widget\" data-e-type=\"widget\" data-widget_type=\"heading.default\">\n\t\t\t\t<div class=\"elementor-widget-container\">\n\t\t\t\t\t<h2 class=\"elementor-heading-title elementor-size-default\">DES MAQUETTISTES ET (OU) TOUT SIMPLEMENT DES PASSIONNES PAR LES \u00ab\u00a0CHOSES DE L\u2019AIR \u00ab\u00a0<\/h2>\t\t\t\t<\/div>\n\t\t\t\t<\/div>\n\t\t\t\t<div class=\"elementor-element elementor-element-3a61a9e elementor-widget elementor-widget-text-editor\" data-id=\"3a61a9e\" data-element_type=\"widget\" data-e-type=\"widget\" data-widget_type=\"text-editor.default\">\n\t\t\t\t<div class=\"elementor-widget-container\">\n\t\t\t\t\t\t\t\t\t<p>Ma d\u00e9marche ne les a pas laiss\u00e9 indiff\u00e9rents et ils ont toujours r\u00e9pondu pr\u00e9sent \u00e0 mes sollicitations. Qu\u2019ils en soient ici remerci\u00e9s.<\/p>\t\t\t\t\t\t\t\t<\/div>\n\t\t\t\t<\/div>\n\t\t\t\t\t<\/div>\n\t\t\t\t<\/div>\n\t\t<div class=\"elementor-element elementor-element-e037bf3 e-flex e-con-boxed e-con e-parent\" data-id=\"e037bf3\" data-element_type=\"container\" data-e-type=\"container\">\n\t\t\t\t\t<div class=\"e-con-inner\">\n\t\t<div class=\"elementor-element elementor-element-e88d896 e-con-full e-flex e-con e-child\" data-id=\"e88d896\" data-element_type=\"container\" data-e-type=\"container\">\n\t\t\t\t<div class=\"elementor-element elementor-element-ab0f85a elementor-widget elementor-widget-image\" data-id=\"ab0f85a\" data-element_type=\"widget\" data-e-type=\"widget\" data-widget_type=\"image.default\">\n\t\t\t\t<div class=\"elementor-widget-container\">\n\t\t\t\t\t\t\t\t\t\t\t\t\t\t\t<img decoding=\"async\" width=\"785\" height=\"223\" src=\"https:\/\/criquetaero.com\/wp-content\/uploads\/2026\/03\/CREATION-CHAUBET.jpg\" class=\"attachment-large size-large wp-image-3041\" alt=\"\" srcset=\"https:\/\/criquetaero.com\/wp-content\/uploads\/2026\/03\/CREATION-CHAUBET.jpg 785w, https:\/\/criquetaero.com\/wp-content\/uploads\/2026\/03\/CREATION-CHAUBET-300x85.jpg 300w, https:\/\/criquetaero.com\/wp-content\/uploads\/2026\/03\/CREATION-CHAUBET-768x218.jpg 768w, https:\/\/criquetaero.com\/wp-content\/uploads\/2026\/03\/CREATION-CHAUBET-350x100.jpg 350w\" sizes=\"(max-width: 785px) 100vw, 785px\" \/>\t\t\t\t\t\t\t\t\t\t\t\t\t\t\t<\/div>\n\t\t\t\t<\/div>\n\t\t\t\t<div class=\"elementor-element elementor-element-5e8223a elementor-align-center elementor-widget elementor-widget-button\" data-id=\"5e8223a\" data-element_type=\"widget\" data-e-type=\"widget\" data-widget_type=\"button.default\">\n\t\t\t\t<div class=\"elementor-widget-container\">\n\t\t\t\t\t\t\t\t\t<div class=\"elementor-button-wrapper\">\n\t\t\t\t\t<a class=\"elementor-button elementor-button-link elementor-size-sm\" href=\"\">\n\t\t\t\t\t\t<span class=\"elementor-button-content-wrapper\">\n\t\t\t\t\t\t\t\t\t<span class=\"elementor-button-text\">http:\/\/jacques.chaubet.free.fr<\/span>\n\t\t\t\t\t<\/span>\n\t\t\t\t\t<\/a>\n\t\t\t\t<\/div>\n\t\t\t\t\t\t\t\t<\/div>\n\t\t\t\t<\/div>\n\t\t\t\t<\/div>\n\t\t<div class=\"elementor-element elementor-element-89e6762 e-con-full e-flex e-con e-child\" data-id=\"89e6762\" data-element_type=\"container\" data-e-type=\"container\">\n\t\t\t\t<div class=\"elementor-element elementor-element-672b950 elementor-widget elementor-widget-text-editor\" data-id=\"672b950\" data-element_type=\"widget\" data-e-type=\"widget\" data-widget_type=\"text-editor.default\">\n\t\t\t\t<div class=\"elementor-widget-container\">\n\t\t\t\t\t\t\t\t\t<p>Une collection artisanale de maquettes d\u2019avions au 1:144 en m\u00e9tal blanc d\u2019une grande finesse. Elles sont propos\u00e9es en kits ou mont\u00e9es et d\u00e9cor\u00e9es.<\/p>\t\t\t\t\t\t\t\t<\/div>\n\t\t\t\t<\/div>\n\t\t\t\t<\/div>\n\t\t\t\t\t<\/div>\n\t\t\t\t<\/div>\n\t\t<div class=\"elementor-element elementor-element-5f882c9 e-flex e-con-boxed e-con e-parent\" data-id=\"5f882c9\" data-element_type=\"container\" data-e-type=\"container\">\n\t\t\t\t\t<div class=\"e-con-inner\">\n\t\t<div class=\"elementor-element elementor-element-f6a571b e-con-full e-flex e-con e-child\" data-id=\"f6a571b\" data-element_type=\"container\" data-e-type=\"container\">\n\t\t\t\t<div class=\"elementor-element elementor-element-af04a0c elementor-widget__width-initial elementor-widget elementor-widget-image\" data-id=\"af04a0c\" data-element_type=\"widget\" data-e-type=\"widget\" data-widget_type=\"image.default\">\n\t\t\t\t<div class=\"elementor-widget-container\">\n\t\t\t\t\t\t\t\t\t\t\t\t\t\t\t<img loading=\"lazy\" decoding=\"async\" width=\"250\" height=\"197\" src=\"https:\/\/criquetaero.com\/wp-content\/uploads\/2026\/03\/QUAND-LES-MAQUETTES-RACONTENT-LHISTOIRE.jpg\" class=\"attachment-large size-large wp-image-3033\" alt=\"\" \/>\t\t\t\t\t\t\t\t\t\t\t\t\t\t\t<\/div>\n\t\t\t\t<\/div>\n\t\t\t\t<div class=\"elementor-element elementor-element-8226b93 elementor-align-center elementor-widget elementor-widget-button\" data-id=\"8226b93\" data-element_type=\"widget\" data-e-type=\"widget\" data-widget_type=\"button.default\">\n\t\t\t\t<div class=\"elementor-widget-container\">\n\t\t\t\t\t\t\t\t\t<div class=\"elementor-button-wrapper\">\n\t\t\t\t\t<a class=\"elementor-button elementor-button-link elementor-size-sm\" href=\"https:\/\/www.quandlesmaquettesracontentlhistoire.com\">\n\t\t\t\t\t\t<span class=\"elementor-button-content-wrapper\">\n\t\t\t\t\t\t\t\t\t<span class=\"elementor-button-text\">https:\/\/quand les maquettes...<\/span>\n\t\t\t\t\t<\/span>\n\t\t\t\t\t<\/a>\n\t\t\t\t<\/div>\n\t\t\t\t\t\t\t\t<\/div>\n\t\t\t\t<\/div>\n\t\t\t\t<\/div>\n\t\t<div class=\"elementor-element elementor-element-ec2605f e-con-full e-flex e-con e-child\" data-id=\"ec2605f\" data-element_type=\"container\" data-e-type=\"container\">\n\t\t\t\t<div class=\"elementor-element elementor-element-82c60b0 elementor-widget elementor-widget-text-editor\" data-id=\"82c60b0\" data-element_type=\"widget\" data-e-type=\"widget\" data-widget_type=\"text-editor.default\">\n\t\t\t\t<div class=\"elementor-widget-container\">\n\t\t\t\t\t\t\t\t\t<p class=\"p1\">Ce site a \u00e9t\u00e9 cr\u00e9\u00e9 par l\u2019association \u00ab\u00a0Par le petit bout de la lorgnette\u00a0\u00bb en vue de partager la passion des maquettistes pour l\u2019histoire.<\/p><p class=\"p1\">\u00ab\u00a0Retropective de th\u00e8mes historiques dans un mus\u00e9e virtuel de maquettes\u00a0\u00bb<\/p><p class=\"p1\">La pr\u00e9sentation des maquettes est faite par p\u00e9riodes, par genre et par th\u00e8mes historiques. Certaines de mes r\u00e9alisations y figurent dans la p\u00e9riode 1919_1939. Merci \u00e0 Philippe Foulon de l\u2019int\u00e9r\u00eat port\u00e9 \u00e0 ma d\u00e9marche.<\/p>\t\t\t\t\t\t\t\t<\/div>\n\t\t\t\t<\/div>\n\t\t\t\t<\/div>\n\t\t\t\t\t<\/div>\n\t\t\t\t<\/div>\n\t\t<div class=\"elementor-element elementor-element-ffafc75 e-flex e-con-boxed e-con e-parent\" data-id=\"ffafc75\" data-element_type=\"container\" data-e-type=\"container\">\n\t\t\t\t\t<div class=\"e-con-inner\">\n\t\t<div class=\"elementor-element elementor-element-f5d3ea4 e-con-full e-flex e-con e-child\" data-id=\"f5d3ea4\" data-element_type=\"container\" data-e-type=\"container\">\n\t\t\t\t<div class=\"elementor-element elementor-element-60935d2 elementor-widget__width-initial elementor-widget elementor-widget-image\" data-id=\"60935d2\" data-element_type=\"widget\" data-e-type=\"widget\" data-widget_type=\"image.default\">\n\t\t\t\t<div class=\"elementor-widget-container\">\n\t\t\t\t\t\t\t\t\t\t\t\t\t\t\t<img loading=\"lazy\" decoding=\"async\" width=\"1172\" height=\"241\" src=\"https:\/\/criquetaero.com\/wp-content\/uploads\/2026\/03\/LOGO-AUTOGYRO.png\" class=\"attachment-1536x1536 size-1536x1536 wp-image-3679\" alt=\"\" srcset=\"https:\/\/criquetaero.com\/wp-content\/uploads\/2026\/03\/LOGO-AUTOGYRO.png 1172w, https:\/\/criquetaero.com\/wp-content\/uploads\/2026\/03\/LOGO-AUTOGYRO-300x62.png 300w, https:\/\/criquetaero.com\/wp-content\/uploads\/2026\/03\/LOGO-AUTOGYRO-1024x211.png 1024w, https:\/\/criquetaero.com\/wp-content\/uploads\/2026\/03\/LOGO-AUTOGYRO-768x158.png 768w\" sizes=\"(max-width: 1172px) 100vw, 1172px\" \/>\t\t\t\t\t\t\t\t\t\t\t\t\t\t\t<\/div>\n\t\t\t\t<\/div>\n\t\t\t\t<div class=\"elementor-element elementor-element-84e008c elementor-align-left elementor-widget elementor-widget-button\" data-id=\"84e008c\" data-element_type=\"widget\" data-e-type=\"widget\" data-widget_type=\"button.default\">\n\t\t\t\t<div class=\"elementor-widget-container\">\n\t\t\t\t\t\t\t\t\t<div class=\"elementor-button-wrapper\">\n\t\t\t\t\t<a class=\"elementor-button elementor-button-link elementor-size-sm\" href=\"https:\/\/jeancousin4923.wordpress.com\">\n\t\t\t\t\t\t<span class=\"elementor-button-content-wrapper\">\n\t\t\t\t\t\t\t\t\t<span class=\"elementor-button-text\">https:\/\/jeancousin4923.wordpress.com<\/span>\n\t\t\t\t\t<\/span>\n\t\t\t\t\t<\/a>\n\t\t\t\t<\/div>\n\t\t\t\t\t\t\t\t<\/div>\n\t\t\t\t<\/div>\n\t\t\t\t<\/div>\n\t\t<div class=\"elementor-element elementor-element-887b558 e-con-full e-flex e-con e-child\" data-id=\"887b558\" data-element_type=\"container\" data-e-type=\"container\">\n\t\t\t\t<div class=\"elementor-element elementor-element-6ddfc98 elementor-widget elementor-widget-text-editor\" data-id=\"6ddfc98\" data-element_type=\"widget\" data-e-type=\"widget\" data-widget_type=\"text-editor.default\">\n\t\t\t\t<div class=\"elementor-widget-container\">\n\t\t\t\t\t\t\t\t\t<p class=\"p1\"><strong><span style=\"font-size: 14pt;\">Scale autogiro:<\/span><\/strong> Le site des amateurs d&rsquo;autogyres mod\u00e8les r\u00e9duits&#8230;y compris celles en papier!<br \/>On ne peut rever plus complet sur un sujet beaucoup plus technique qu&rsquo;il n&rsquo;y parait. Passionnant.<\/p>\t\t\t\t\t\t\t\t<\/div>\n\t\t\t\t<\/div>\n\t\t\t\t<\/div>\n\t\t\t\t\t<\/div>\n\t\t\t\t<\/div>\n\t\t<div class=\"elementor-element elementor-element-1f00100 e-flex e-con-boxed e-con e-parent\" data-id=\"1f00100\" data-element_type=\"container\" data-e-type=\"container\">\n\t\t\t\t\t<div class=\"e-con-inner\">\n\t\t<div class=\"elementor-element elementor-element-ec98fa1 e-con-full e-flex e-con e-child\" data-id=\"ec98fa1\" data-element_type=\"container\" data-e-type=\"container\">\n\t\t\t\t<div class=\"elementor-element elementor-element-d399724 elementor-widget__width-initial elementor-widget elementor-widget-image\" data-id=\"d399724\" data-element_type=\"widget\" data-e-type=\"widget\" data-widget_type=\"image.default\">\n\t\t\t\t<div class=\"elementor-widget-container\">\n\t\t\t\t\t\t\t\t\t\t\t\t\t\t\t<img loading=\"lazy\" decoding=\"async\" width=\"287\" height=\"174\" src=\"https:\/\/criquetaero.com\/wp-content\/uploads\/2026\/03\/LOGO-AEROPLANES.jpg\" class=\"attachment-1536x1536 size-1536x1536 wp-image-3347\" alt=\"\" \/>\t\t\t\t\t\t\t\t\t\t\t\t\t\t\t<\/div>\n\t\t\t\t<\/div>\n\t\t\t\t<div class=\"elementor-element elementor-element-e2669b4 elementor-align-center elementor-widget elementor-widget-button\" data-id=\"e2669b4\" data-element_type=\"widget\" data-e-type=\"widget\" data-widget_type=\"button.default\">\n\t\t\t\t<div class=\"elementor-widget-container\">\n\t\t\t\t\t\t\t\t\t<div class=\"elementor-button-wrapper\">\n\t\t\t\t\t<a class=\"elementor-button elementor-button-link elementor-size-sm\" href=\"http:\/\/aeroplanes.fr\/www\/html\/Aviation.php\">\n\t\t\t\t\t\t<span class=\"elementor-button-content-wrapper\">\n\t\t\t\t\t\t\t\t\t<span class=\"elementor-button-text\">http:\/\/aeroplanes.fr\/www\/html\/Aviation.php<\/span>\n\t\t\t\t\t<\/span>\n\t\t\t\t\t<\/a>\n\t\t\t\t<\/div>\n\t\t\t\t\t\t\t\t<\/div>\n\t\t\t\t<\/div>\n\t\t\t\t<\/div>\n\t\t<div class=\"elementor-element elementor-element-252caae e-con-full e-flex e-con e-child\" data-id=\"252caae\" data-element_type=\"container\" data-e-type=\"container\">\n\t\t\t\t<div class=\"elementor-element elementor-element-eb9414a elementor-widget elementor-widget-text-editor\" data-id=\"eb9414a\" data-element_type=\"widget\" data-e-type=\"widget\" data-widget_type=\"text-editor.default\">\n\t\t\t\t<div class=\"elementor-widget-container\">\n\t\t\t\t\t\t\t\t\t<p class=\"p1\"><strong><span style=\"font-size: 14pt;\">A\u00e9roplanes:<\/span><\/strong> site g\u00e9n\u00e9raliste sur l\u2019aviation et son histoire, pr\u00e9sentant les diff\u00e9rents appareils et mat\u00e9riels sous forme de fiches\u00a0\u00a0<\/p>\t\t\t\t\t\t\t\t<\/div>\n\t\t\t\t<\/div>\n\t\t\t\t<\/div>\n\t\t\t\t\t<\/div>\n\t\t\t\t<\/div>\n\t\t\t\t<\/div>\n\t\t","protected":false},"excerpt":{"rendered":"<p>LA MAQUETTE COMME ILLUSTRATION D&rsquo;UNE BELLE HISTOIRE DES MAQUETTISTES PAPIER&#8230; https:\/\/carton.pierreg.org\/ Le site de mon Maitre et Pygmalion : Pierre GauriatUn adepte du logiciel Metasequoia qui, d\u00e8s sa version gratuite, et associ\u00e9 au logiciel Pepakura (la version gratuite peut suffire) est parfaitement adapt\u00e9 \u00e0 la conception de maquettes en papier\u2026ou de v\u00e9hicules pour les jeux [&hellip;]<\/p>\n","protected":false},"author":1,"featured_media":0,"parent":0,"menu_order":0,"comment_status":"closed","ping_status":"closed","template":"","meta":{"footnotes":""},"class_list":["post-2993","page","type-page","status-publish","hentry","entry"],"_links":{"self":[{"href":"https:\/\/criquetaero.com\/index.php?rest_route=\/wp\/v2\/pages\/2993","targetHints":{"allow":["GET"]}}],"collection":[{"href":"https:\/\/criquetaero.com\/index.php?rest_route=\/wp\/v2\/pages"}],"about":[{"href":"https:\/\/criquetaero.com\/index.php?rest_route=\/wp\/v2\/types\/page"}],"author":[{"embeddable":true,"href":"https:\/\/criquetaero.com\/index.php?rest_route=\/wp\/v2\/users\/1"}],"replies":[{"embeddable":true,"href":"https:\/\/criquetaero.com\/index.php?rest_route=%2Fwp%2Fv2%2Fcomments&post=2993"}],"version-history":[{"count":97,"href":"https:\/\/criquetaero.com\/index.php?rest_route=\/wp\/v2\/pages\/2993\/revisions"}],"predecessor-version":[{"id":3682,"href":"https:\/\/criquetaero.com\/index.php?rest_route=\/wp\/v2\/pages\/2993\/revisions\/3682"}],"wp:attachment":[{"href":"https:\/\/criquetaero.com\/index.php?rest_route=%2Fwp%2Fv2%2Fmedia&parent=2993"}],"curies":[{"name":"wp","href":"https:\/\/api.w.org\/{rel}","templated":true}]}}